{"id":2551,"date":"2026-03-01T18:06:59","date_gmt":"2026-03-01T15:06:59","guid":{"rendered":"https:\/\/temrentravel.com\/hot-air-balloon-guide\/"},"modified":"2026-04-05T19:22:11","modified_gmt":"2026-04-05T16:22:11","slug":"kappadokia-kikyu-gaido","status":"publish","type":"page","link":"https:\/\/temrentravel.com\/ja\/kappadokia-kikyu-gaido\/","title":{"rendered":"\u30ab\u30c3\u30d1\u30c9\u30ad\u30a2\u306e\u6c17\u7403\u30c4\u30a2\u30fc\u30ac\u30a4\u30c9"},"content":{"rendered":"\t\t<div data-elementor-type=\"wp-page\" data-elementor-id=\"2551\" class=\"elementor elementor-2551 elementor-891\">\n\t\t\t\t<div class=\"elementor-element elementor-element-220516c e-flex e-con-boxed e-con e-parent\" data-id=\"220516c\" data-element_type=\"container\" data-e-type=\"container\">\n\t\t\t\t\t<div class=\"e-con-inner\">\n\t\t\t\t<div class=\"elementor-element elementor-element-91db427 elementor-widget elementor-widget-html\" data-id=\"91db427\" data-element_type=\"widget\" data-e-type=\"widget\" data-widget_type=\"html.default\">\n\t\t\t\t\t<article class=\"temren-pillar\">\n\n  <section class=\"pillar-hero fade-up\" style=\"background-image:url('https:\/\/temrentravel.com\/wp-content\/uploads\/2026\/02\/hero-alani-scaled.jpg');\">\n    <div class=\"pillar-hero-content\">\n      <h1 style=\"color: #ffffff !important; text-shadow: 0 2px 15px rgba(0,0,0,0.5);\">\u30ab\u30c3\u30d1\u30c9\u30ad\u30a2\u71b1\u6c17\u7403\u4f53\u9a13\uff1a\u5b8c\u5168\u30ac\u30a4\u30c9 (2026\u5e74\u7248)<\/h1>\n    <\/div>\n  <\/section>\n\n  <section class=\"pillar-section fade-up\">\n    <h2>\u5996\u7cbe\u306e\u7159\u7a81\u3092\u7a7a\u304b\u3089\u773a\u3081\u308b\u5947\u8de1<\/h2>\n    <p>\u5730\u5e73\u7dda\u304b\u3089\u592a\u967d\u304c\u6607\u308b\u4e2d\u3001\u4f55\u767e\u3082\u306e\u8272\u9bae\u3084\u304b\u306a\u6c17\u7403\u304c\u6708\u9762\u306e\u3088\u3046\u306a\u5e7b\u60f3\u7684\u306a\u98a8\u666f\u306e\u4e0a\u3092\u512a\u96c5\u306b\u821e\u3044\u4e0a\u304c\u308b\u3002\u305d\u308c\u306f\u30c8\u30eb\u30b3\u3092\u8c61\u5fb4\u3059\u308b\u666f\u8272\u3067\u3059\u3002\u30ab\u30c3\u30d1\u30c9\u30ad\u30a2\u306e\u71b1\u6c17\u7403\u306f\u5358\u306a\u308b\u30a2\u30af\u30c6\u30a3\u30d3\u30c6\u30a3\u3067\u306f\u3042\u308a\u307e\u305b\u3093\u3002\u4e16\u754c\u4e2d\u304b\u3089\u65c5\u4eba\u3092\u60f9\u304d\u3064\u3051\u308b\u3001\u4e00\u751f\u306b\u4e00\u5ea6\u306e\u6df1\u3044\u611f\u52d5\u4f53\u9a13\u3067\u3059\u3002<\/p>\n    <p>\u3057\u304b\u3057\u3001\u4e88\u7d04\u30d7\u30ed\u30bb\u30b9\u306f\u6642\u306b\u8907\u96d1\u306b\u611f\u3058\u3089\u308c\u308b\u304b\u3082\u3057\u308c\u307e\u305b\u3093\u3002\u6570\u591a\u304f\u306e\u904b\u884c\u4f1a\u793e\u3001\u30d0\u30b9\u30b1\u30c3\u30c8\u306e\u30b5\u30a4\u30ba\u3001\u5909\u52d5\u3059\u308b\u4fa1\u683c\u3002\u3069\u306e\u3088\u3046\u306b\u3057\u3066\u81ea\u5206\u306b\u3074\u3063\u305f\u308a\u306e\u4f53\u9a13\u3092\u9078\u3079\u3070\u3088\u3044\u306e\u3067\u3057\u3087\u3046\u304b\uff1f<\/p>\n    <p><strong>Temren Travel\uff08\u30c6\u30e0\u30ec\u30f3\u30c8\u30e9\u30d9\u30eb\uff09<\/strong>\u3067\u306f\u3001\u4e00\u751f\u306e\u601d\u3044\u51fa\u3068\u306a\u308b\u4f53\u9a13\u3092\u3001\u6df7\u96d1\u3057\u305f\u30d0\u30b9\u30b1\u30c3\u30c8\u3084\u7d4c\u9a13\u4e0d\u8db3\u306e\u30aa\u30da\u30ec\u30fc\u30bf\u30fc\u3067\u59a5\u5354\u3059\u3079\u304d\u3067\u306f\u306a\u3044\u3068\u8003\u3048\u3066\u3044\u307e\u3059\u3002\u5b89\u5168\u57fa\u6e96\u304b\u3089\u6700\u9ad8\u7d1a\u30d5\u30e9\u30a4\u30c8\u306e\u9078\u3073\u65b9\u307e\u3067\u3001\u304a\u5ba2\u69d8\u306e\u7a7a\u306e\u65c5\u304c\u5b8c\u74a7\u306a\u3082\u306e\u3068\u306a\u308b\u3088\u3046\u3001\u3053\u306e2026\u5e74\u6700\u65b0\u30ac\u30a4\u30c9\u3092\u307e\u3068\u3081\u307e\u3057\u305f\u3002<\/p>\n  <\/section>\n\n  <section class=\"pillar-section pillar-split fade-up\">\n    <div class=\"split-img\">\n      <img decoding=\"async\" src=\"https:\/\/temrentravel.com\/wp-content\/uploads\/2026\/02\/her-alani-2-scaled.jpg\" alt=\"\u30ab\u30c3\u30d1\u30c9\u30ad\u30a2\u306e\u30d7\u30ec\u30df\u30a2\u30e0\u71b1\u6c17\u7403\u30d0\u30b9\u30b1\u30c3\u30c8\">\n    <\/div>\n    <div class=\"split-text\">\n      <h2>\u30b9\u30bf\u30f3\u30c0\u30fc\u30c9 vs \u30d7\u30ec\u30df\u30a2\u30e0\uff1aVIP\u306e\u9055\u3044<\/h2>\n      <p>\u3059\u3079\u3066\u306e\u6c17\u7403\u30d5\u30e9\u30a4\u30c8\u304c\u540c\u3058\u6761\u4ef6\u3068\u3044\u3046\u308f\u3051\u3067\u306f\u3042\u308a\u307e\u305b\u3093\u3002\u696d\u754c\u306e\u6a19\u6e96\u7684\u306a\u30d7\u30e9\u30f3\u3067\u306f\u3001\u6700\u592728\u301c32\u4eba\u304c\u8a70\u3081\u8fbc\u307e\u308c\u305f\u5de8\u5927\u306a\u30d0\u30b9\u30b1\u30c3\u30c8\u304c\u4e00\u822c\u7684\u3067\u3059\u3002\u3053\u306e\u3088\u3046\u306a\u6df7\u96d1\u3057\u305f\u72b6\u6cc1\u3067\u306f\u3001\u5199\u771f\u3092\u64ae\u308b\u5834\u6240\u3092\u78ba\u4fdd\u3059\u308b\u306e\u3082\u4e00\u82e6\u52b4\u3067\u3042\u308a\u3001\u30d5\u30e9\u30a4\u30c8\u306e\u89aa\u5bc6\u306a\u9b54\u6cd5\u304c\u640d\u306a\u308f\u308c\u3066\u3057\u307e\u3044\u304c\u3061\u3067\u3059\u3002<\/p>\n      <p>\u672c\u7269\u3092\u77e5\u308b\u65c5\u4eba\u306e\u305f\u3081\u306b\u3001\u79c1\u305f\u3061\u306f<strong>\u300c\u30d7\u30ec\u30df\u30a2\u30e0\u30fb\u30d6\u30c6\u30a3\u30c3\u30af\u30fb\u30d5\u30e9\u30a4\u30c8\u300d<\/strong>\u306e\u307f\u3092\u53b3\u9078\u3057\u3066\u624b\u914d\u3057\u307e\u3059\u3002\u30d7\u30ec\u30df\u30a2\u30e0\u30d5\u30e9\u30a4\u30c8\u3067\u306f\u30d0\u30b9\u30b1\u30c3\u30c8\u306e\u30b5\u30a4\u30ba\u304c\u5927\u5e45\u306b\u5c0f\u3055\u304f\uff08\u901a\u5e3812\u301c16\u540d\u9650\u5b9a\uff09\u3001\u5e83\u3005\u3068\u3057\u305f\u30b9\u30da\u30fc\u30b9\u3001\u906e\u308b\u3082\u306e\u306e\u306a\u3044360\u5ea6\u306e\u773a\u671b\u3001\u305d\u3057\u3066\u30d1\u30a4\u30ed\u30c3\u30c8\u3068\u306e\u3088\u308a\u5bc6\u63a5\u306a\u4ea4\u6d41\u304c\u4fdd\u8a3c\u3055\u308c\u307e\u3059\u3002<\/p>\n      <p>\u3053\u306e\u77ac\u9593\u306e\u305f\u3081\u306b\u9065\u3005\u30a2\u30ca\u30c8\u30ea\u30a2\u307e\u3067\u304a\u8d8a\u3057\u3044\u305f\u3060\u3044\u305f\u306e\u3067\u3042\u308c\u3070\u3001\u6df7\u96d1\u3057\u305f\u30d0\u30b9\u30b1\u30c3\u30c8\u3067\u9ec4\u91d1\u306e\u65e5\u306e\u51fa\u3092\u9003\u3059\u3079\u304d\u3067\u306f\u3042\u308a\u307e\u305b\u3093\u3002<\/p>\n    <\/div>\n  <\/section>\n\n  <section class=\"pillar-section fade-up\" style=\"background-color: var(--tmrn-light-bg); padding: 40px; border-radius: var(--tmrn-radius); border-left: 5px solid var(--tmrn-orange);\">\n    <h2>\u5b89\u5168\u6027\u306b\u3064\u3044\u3066\uff1a\u30ab\u30c3\u30d1\u30c9\u30ad\u30a2\u306e\u5b89\u5168\u57fa\u6e96<\/h2>\n    <p>\u30b7\u30cb\u30a2\u306e\u304a\u5ba2\u69d8\u3084\u3054\u5bb6\u65cf\u9023\u308c\u306b\u3068\u3063\u3066\u3001\u5b89\u5168\u6027\u306f\u6700\u3082\u91cd\u8981\u306a\u95a2\u5fc3\u4e8b\u3067\u3059\u3002\u30ab\u30c3\u30d1\u30c9\u30ad\u30a2\u3067\u306f\u3001\u4e16\u754c\u3067\u3082\u7279\u306b\u53b3\u3057\u3044\u822a\u7a7a\u898f\u5236\u304c\u6577\u304b\u308c\u3066\u3044\u308b\u306e\u3067\u3054\u5b89\u5fc3\u304f\u3060\u3055\u3044\u3002<\/p>\n    <p>\u3059\u3079\u3066\u306e\u71b1\u6c17\u7403\u30d5\u30e9\u30a4\u30c8\u306f\u3001<strong>\u30c8\u30eb\u30b3\u6c11\u9593\u822a\u7a7a\u5c40\uff08SHGM\uff09<\/strong>\u306b\u3088\u3063\u3066\u53b3\u683c\u306b\u76e3\u8996\u30fb\u898f\u5236\u3055\u308c\u3066\u3044\u307e\u3059\u3002\u30d5\u30e9\u30a4\u30c8\u306f\u98a8\u3084\u6c17\u8c61\u6761\u4ef6\u304c\u5b8c\u74a7\u306a\u5834\u5408\u306b\u306e\u307f\u8a31\u53ef\u3055\u308c\u307e\u3059\u3002\u5929\u5019\u306b\u3088\u308a\u5f53\u5c40\u304c\u30ec\u30c3\u30c9\u30d5\u30e9\u30c3\u30b0\uff08\u4e2d\u6b62\u6307\u793a\uff09\u3092\u51fa\u3057\u305f\u5834\u5408\u3001\u5168\u6a5f\u304c\u5730\u4e0a\u5f85\u6a5f\u3068\u306a\u308a\u3001\u30ea\u30b9\u30af\u306f\u4e00\u5207\u6392\u9664\u3055\u308c\u307e\u3059\u3002<\/p>\n    <p>\u3055\u3089\u306b\u30c6\u30e0\u30ec\u30f3\u30c8\u30e9\u30d9\u30eb\u3067\u306f\u3001\u6570\u5343\u6642\u9593\u306e\u98db\u884c\u7d4c\u9a13\u3092\u6301\u3064\u30d9\u30c6\u30e9\u30f3\u30d1\u30a4\u30ed\u30c3\u30c8\u3092\u64c1\u3059\u308b\u30a8\u30ea\u30fc\u30c8\u30aa\u30da\u30ec\u30fc\u30bf\u30fc\u3068\u306e\u307f\u63d0\u643a\u3057\u3066\u3044\u307e\u3059\u3002\u304a\u5ba2\u69d8\u306e\u5b89\u5168\u3001\u5feb\u9069\u3001\u305d\u3057\u3066\u5fc3\u306e\u5b89\u3089\u304e\u306f\u3001\u6c7a\u3057\u3066\u8b72\u308c\u306a\u3044\u6761\u4ef6\u3067\u3059\u3002<\/p>\n  <\/section>\n\n  <section class=\"pillar-section fade-up\">\n    <h2>\u5f53\u65e5\u306e\u6d41\u308c\uff1a\u30d5\u30e9\u30a4\u30c8\u306e\u69cb\u6210<\/h2>\n    <p>\u3053\u306e\u9b54\u6cd5\u306e\u3088\u3046\u306a\u65c5\u306e\u30b9\u30b1\u30b8\u30e5\u30fc\u30eb\u3092\u628a\u63e1\u3057\u3001\u5fc3\u306e\u6e96\u5099\u3092\u6574\u3048\u307e\u3057\u3087\u3046\uff1a<\/p>\n    <ul>\n      <li><strong>\u65e9\u671d\u306e\u304a\u8fce\u3048 (04:30 - 05:30 AM):<\/strong> \u5b63\u7bc0\u306b\u3088\u308a\u7570\u306a\u308a\u307e\u3059\u304c\u3001\u591c\u660e\u3051\u524d\u306bVIP\u8eca\u4e21\u3067\u30db\u30c6\u30eb\u3078\u304a\u8fce\u3048\u306b\u4e0a\u304c\u308a\u307e\u3059\u3002\u65e9\u8d77\u304d\u306f\u5927\u5909\u3067\u3059\u304c\u3001\u65e5\u306e\u51fa\u306e\u7d76\u666f\u306f\u305d\u306e\u4fa1\u5024\u3092\u5341\u5206\u306b\u8a3c\u660e\u3057\u3066\u304f\u308c\u307e\u3059\u3002<\/li>\n      <li><strong>\u30d5\u30e9\u30a4\u30c8\u524d\u306e\u671d\u98df:<\/strong> \u96e2\u9678\u4f1a\u5834\u307e\u305f\u306f\u5c02\u7528\u65bd\u8a2d\u306b\u3066\u3001\u8efd\u98df\u3068\u6e29\u304b\u3044\u30b3\u30fc\u30d2\u30fc\u3092\u697d\u3057\u307f\u306a\u304c\u3089\u3001\u30af\u30eb\u30fc\u304c\u5de8\u5927\u306a\u6c17\u7403\u306b\u30d0\u30fc\u30ca\u30fc\u306e\u706b\u3092\u9001\u308a\u8fbc\u307f\u81a8\u3089\u307e\u305b\u308b\u69d8\u5b50\u3092\u898b\u5b66\u3057\u307e\u3059\u3002<\/li>\n      <li><strong>\u30d5\u30e9\u30a4\u30c8 (\u7d0460\u5206):<\/strong> \u4e0a\u7a7a\u3067\u306f\u3001\u30a6\u30c1\u30d2\u30b5\u30fc\u30eb\u57ce\u306e\u9ad8\u53f0\u304b\u3089\u30e9\u30d6\u30d0\u30ec\u30fc\u3084\u30ed\u30fc\u30ba\u30d0\u30ec\u30fc\u306e\u6df1\u3044\u8c37\u9593\u3078\u3068\u512a\u96c5\u306b\u6ed1\u8d70\u3057\u307e\u3059\u3002\u9759\u5bc2\u3092\u7834\u308b\u306e\u306f\u3001\u6642\u6298\u805e\u3053\u3048\u308b\u30d0\u30fc\u30ca\u30fc\u306e\u97f3\u3060\u3051\u3067\u3059\u3002<\/li>\n      <li><strong>\u30b7\u30e3\u30f3\u30d1\u30f3\u30fb\u30bb\u30ec\u30d6\u30ec\u30fc\u30b7\u30e7\u30f3:<\/strong> \u7121\u4e8b\u306b\u7740\u9678\u3057\u305f\u5f8c\u306f\u3001\u822a\u7a7a\u754c\u306e\u4f1d\u7d71\u306b\u5f93\u3044\u30b7\u30e3\u30f3\u30d1\u30f3\uff08\u30ce\u30f3\u30a2\u30eb\u30b3\u30fc\u30eb\u3082\u5bfe\u5fdc\u53ef\uff09\u3067\u4e7e\u676f\u3057\u3001\u304a\u540d\u524d\u5165\u308a\u306e\u642d\u4e57\u8a3c\u660e\u66f8\u3092\u6388\u4e0e\u3044\u305f\u3057\u307e\u3059\u3002<\/li>\n    <\/ul>\n  <\/section>\n\n  <section class=\"pillar-section fade-up\">\n    <h2>\u7a7a\u306e\u7279\u7b49\u5e2d\u3092\u4e88\u7d04\u3059\u308b<\/h2>\n    <div class=\"tour-grid\">\n      \n      <div class=\"tour-card\">\n        <h3>\ud83c\udf88 \u30d7\u30ec\u30df\u30a2\u30e0\u71b1\u6c17\u7403\u30d5\u30e9\u30a4\u30c8<\/h3>\n        <p>28\u4eba\u4e57\u308a\u306e\u6df7\u96d1\u3057\u305f\u30d0\u30b9\u30b1\u30c3\u30c8\u3092\u907f\u3051\u3001\u30a8\u30ea\u30fc\u30c8\u30d1\u30a4\u30ed\u30c3\u30c8\u3001VIP\u30db\u30c6\u30eb\u9001\u8fce\u3001\u30b7\u30e3\u30f3\u30d1\u30f3\u30fb\u30bb\u30ec\u30d6\u30ec\u30fc\u30b7\u30e7\u30f3\u3092\u542b\u3080\u7279\u5225\u306a\u30d6\u30c6\u30a3\u30c3\u30af\u30d5\u30e9\u30a4\u30c8\u3092\u304a\u697d\u3057\u307f\u304f\u3060\u3055\u3044\u3002<\/p>\n        <a href=\"\/ja\/puremiamu-kikyu-taiken\/\" class=\"tmrn-btn\">\u30d7\u30ec\u30df\u30a2\u30e0\u30d5\u30e9\u30a4\u30c8\u3092\u4e88\u7d04<\/a>\n      <\/div>\n\n      <div class=\"tour-card\">\n        <h3>\ud83c\udffa \u30d7\u30e9\u30a4\u30d9\u30fc\u30c8\u30fb\u30ec\u30c3\u30c9\u30c4\u30a2\u30fc (\u30d5\u30e9\u30a4\u30c8\u5f8c)<\/h3>\n        <p>\u30d5\u30e9\u30a4\u30c8\u306f\u5348\u524d8\u6642\u9803\u306b\u7d42\u4e86\u3057\u307e\u3059\u3002\u5348\u524d10\u6642\u304b\u3089\u6b74\u53f2\u5bb6\u30ac\u30a4\u30c9\u3068\u5171\u306b\u5317\u90e8\u306e\u8c37\u3092\u5de1\u308b\u30d7\u30e9\u30a4\u30d9\u30fc\u30c8\u30fb\u30ec\u30c3\u30c9\u30c4\u30a2\u30fc\u3078\u30b7\u30fc\u30e0\u30ec\u30b9\u306b\u79fb\u884c\u3067\u304d\u307e\u3059\u3002<\/p>\n        <a href=\"\/ja\/purabeito-reddo-tsua\/\" class=\"tmrn-btn\">\u5317\u90e8\u30eb\u30fc\u30c8\u3092\u63a2\u7d22<\/a>\n      <\/div>\n\n    <\/div>\n  <\/section>\n\n  <section class=\"pillar-section fade-up\">\n    <h2>\u79d1\u5b66\u3068\u9b54\u6cd5\uff1a\u306a\u305c\u3053\u3053\u3067\u6c17\u7403\u304c\u98db\u3076\u306e\u304b<\/h2>\n    <p>\u306a\u305c\u30ab\u30c3\u30d1\u30c9\u30ad\u30a2\u304c\u4e16\u754c\u4e00\u306e\u71b1\u6c17\u7403\u30b9\u30dd\u30c3\u30c8\u3068\u3055\u308c\u308b\u306e\u304b\u3001\u4e0d\u601d\u8b70\u306b\u601d\u3063\u305f\u3053\u3068\u306f\u3042\u308a\u307e\u305b\u3093\u304b\uff1f\u305d\u308c\u306f\u5358\u306b\u5996\u7cbe\u306e\u7159\u7a81\u304c\u3042\u308b\u304b\u3089\u3067\u306f\u306a\u304f\u3001\u5730\u5f62\u3068\u30de\u30a4\u30af\u30ed\u30af\u30e9\u30a4\u30e1\u30a4\u30c8\uff08\u5fae\u6c17\u5019\uff09\u306e\u5b8c\u74a7\u306a\u8abf\u548c\u304c\u3042\u308b\u304b\u3089\u3067\u3059\u3002<\/p>\n    \n    <h3 style=\"color: var(--tmrn-dark); margin-top: 25px; font-size: 1.4rem; border-left: 4px solid var(--tmrn-orange); padding-left: 15px;\">\u5b8c\u74a7\u306a\u7a7a\u6c17\u529b\u5b66\u7684\u6761\u4ef6<\/h3>\n    <p>\u98db\u884c\u6a5f\u3068\u306f\u7570\u306a\u308a\u3001\u71b1\u6c17\u7403\u306b\u306f\u30cf\u30f3\u30c9\u30eb\u304c\u3042\u308a\u307e\u305b\u3093\u3002\u9ad8\u5ea6\u306b\u3088\u3063\u3066\u7570\u306a\u308b\u98a8\u306e\u6d41\u308c\u306b\u5b8c\u5168\u306b\u4f9d\u5b58\u3057\u307e\u3059\u3002\u30ab\u30c3\u30d1\u30c9\u30ad\u30a2\u306e\u72ec\u7279\u306a\u5730\u5f62\u306f\u3001\u975e\u5e38\u306b\u4e88\u6e2c\u3057\u3084\u3059\u304f\u7a4f\u3084\u304b\u306a<strong>\u71b1\u98a8\uff08\u30b5\u30fc\u30de\u30eb\u30a6\u30a3\u30f3\u30c9\uff09<\/strong>\u3092\u751f\u307f\u51fa\u3057\u307e\u3059\u3002\u3053\u308c\u306b\u3088\u308a\u3001\u719f\u7df4\u306e\u30d1\u30a4\u30ed\u30c3\u30c8\u306f\u5358\u306b\u9ad8\u304f\u98db\u3076\u3060\u3051\u3067\u306a\u304f\u3001\u8c37\u306e\u5965\u6df1\u304f\u3078\u3068\u5de7\u307f\u306b\u4e0b\u964d\u3057\u3001\u6642\u306b\u306f\u6728\u304b\u3089\u30a2\u30d7\u30ea\u30b3\u30c3\u30c8\u3092\u6458\u3081\u308b\u307b\u3069\u8fd1\u3065\u304f\u3053\u3068\u304c\u3067\u304d\u308b\u306e\u3067\u3059\u3002<\/p>\n\n    <h3 style=\"color: var(--tmrn-dark); margin-top: 25px; font-size: 1.4rem; border-left: 4px solid var(--tmrn-orange); padding-left: 15px;\">\u30ab\u30c3\u30d1\u30c9\u30ad\u30a2\u3067\u6c17\u7403\u304c\u59cb\u307e\u3063\u305f\u306e\u306f\u3044\u3064\uff1f<\/h3>\n    <p>\u5ca9\u306e\u5f62\u6210\u306f\u6570\u767e\u4e07\u5e74\u524d\u306b\u9061\u308a\u307e\u3059\u304c\u3001\u3053\u306e\u5730\u57df\u3067\u306e\u5546\u696d\u7684\u306a\u6c17\u7403\u30d5\u30e9\u30a4\u30c8\u306f1980\u5e74\u4ee3\u5f8c\u534a\u304b\u30891990\u5e74\u4ee3\u521d\u982d\u306b\u30e8\u30fc\u30ed\u30c3\u30d1\u306e\u611b\u597d\u5bb6\u306b\u3088\u3063\u3066\u958b\u62d3\u3055\u308c\u307e\u3057\u305f\u3002\u4eca\u65e5\u3067\u306f\u3001\u30ae\u30e7\u30ec\u30e1\u306e\u8c37\u306b\u540c\u6642\u306b\u6700\u5927150\u6a5f\u306e\u6c17\u7403\u304c\u6d6e\u304b\u3073\u4e0a\u304c\u308a\u3001\u30c8\u30eb\u30b3\u306e\u73fe\u4ee3\u89b3\u5149\u3092\u8c61\u5fb4\u3059\u308b\u591a\u5c64\u7684\u306a\u8272\u5f69\u306e\u30ad\u30e3\u30f3\u30d0\u30b9\u3092\u63cf\u304d\u51fa\u3057\u3066\u3044\u307e\u3059\u3002<\/p>\n\n    <h3 style=\"color: var(--tmrn-dark); margin-top: 25px; font-size: 1.4rem; border-left: 4px solid var(--tmrn-orange); padding-left: 15px;\">\u65e5\u306e\u51fa vs \u5915\u66ae\u308c\u30d5\u30e9\u30a4\u30c8<\/h3>\n    <p>\u30d5\u30e9\u30a4\u30c8\u306e\u7d0495%\u306f<strong>\u65e5\u306e\u51fa<\/strong>\u6642\u306b\u884c\u308f\u308c\u307e\u3059\u3002\u3053\u308c\u306f\u3001\u671d\u306e\u51b7\u305f\u304f\u5b89\u5b9a\u3057\u305f\u7a7a\u6c17\u304c\u81a8\u5f35\u3068\u98db\u884c\u306b\u6700\u3082\u5b89\u5168\u3067\u30b9\u30e0\u30fc\u30ba\u306a\u6761\u4ef6\u3092\u63d0\u4f9b\u3059\u308b\u305f\u3081\u3067\u3059\u3002\u51ac\u5834\u306f\u5348\u5f8c\u306e\u30d5\u30e9\u30a4\u30c8\u3082\u6280\u8853\u7684\u306b\u306f\u53ef\u80fd\u3067\u3059\u304c\u3001\u671d\u306e\u5149\u304c\u706b\u5c71\u51dd\u7070\u5ca9\u3092\u7167\u3089\u3059\u6620\u753b\u306e\u3088\u3046\u306a\u7f8e\u3057\u3055\u306b\u52dd\u308b\u3082\u306e\u306f\u3042\u308a\u307e\u305b\u3093\u3002<\/p>\n  <\/section>\n\n  <section class=\"pillar-section fade-up\">\n    <h2>\u3088\u304f\u3042\u308b\u3054\u8cea\u554f (FAQ)<\/h2>\n    <p style=\"margin-bottom: 25px;\">\u30d0\u30b9\u30b1\u30c3\u30c8\u306b\u8db3\u3092\u8e0f\u307f\u5165\u308c\u308b\u524d\u306b\u77e5\u3063\u3066\u304a\u304d\u305f\u3044\u3053\u3068\u3002<\/p>\n    \n    <div class=\"faq-container\">\n      <details style=\"background: #fff; padding: 15px 20px; border-radius: 8px; margin-bottom: 15px; box-shadow: 0 4px 10px rgba(0,0,0,0.05); border: 1px solid #eaeaea;\">\n        <summary style=\"font-weight: 600; font-size: 1.15rem; cursor: pointer; color: var(--tmrn-dark); outline: none;\">\u6c17\u7403\u306b\u4e57\u308b\u969b\u306f\u3069\u306e\u3088\u3046\u306a\u670d\u88c5\u304c\u826f\u3044\u3067\u3059\u304b\uff1f<\/summary>\n        <p style=\"margin-top: 15px; color: var(--tmrn-text);\">\u91cd\u306d\u7740\u3092\u304a\u52e7\u3081\u3057\u307e\u3059\u3002\u771f\u590f\u3067\u3082\u3001\u30ab\u30c3\u30d1\u30c9\u30ad\u30a2\u306e\u591c\u660e\u3051\u524d\u306e\u7a7a\u6c17\u306f\u975e\u5e38\u306b\u51b7\u3048\u8fbc\u307f\u307e\u3059\u3002\u65e5\u304c\u6607\u308a\u30d0\u30fc\u30ca\u30fc\u304c\u71b1\u3092\u9001\u308a\u59cb\u3081\u308b\u3068\u6025\u901f\u306b\u6696\u304b\u304f\u306a\u308a\u307e\u3059\u3002\u5b89\u5168\u306a\u7740\u9678\u306e\u305f\u3081\u306b\u3001\u5e73\u3089\u3067\u3064\u307e\u5148\u306e\u96a0\u308c\u308b\u9774\uff08\u30b9\u30cb\u30fc\u30ab\u30fc\u7b49\uff09\u304c\u5fc5\u9808\u3067\u3059\u3002<\/p>\n      <\/details>\n      \n      <details style=\"background: #fff; padding: 15px 20px; border-radius: 8px; margin-bottom: 15px; box-shadow: 0 4px 10px rgba(0,0,0,0.05); border: 1px solid #eaeaea;\">\n        <summary style=\"font-weight: 600; font-size: 1.15rem; cursor: pointer; color: var(--tmrn-dark); outline: none;\">\u5b50\u4f9b\u3082\u53c2\u52a0\u3067\u304d\u307e\u3059\u304b\uff1f<\/summary>\n        <p style=\"margin-top: 15px; color: var(--tmrn-text);\">\u306f\u3044\u30016\u6b73\u4ee5\u4e0a\u306e\u304a\u5b50\u69d8\u304b\u3089\u3054\u642d\u4e57\u3044\u305f\u3060\u3051\u307e\u3059\u3002\u5b89\u5168\u9762\u304a\u3088\u3073\u4fdd\u967a\u306e\u898f\u5b9a\u306b\u3088\u308a\u30016\u6b73\u672a\u6e80\u306e\u304a\u5b50\u69d8\u3001\u304a\u3088\u3073\u598a\u5a20\u4e2d\u306e\u65b9\u306f\u3054\u53c2\u52a0\u3044\u305f\u3060\u3051\u307e\u305b\u3093\u306e\u3067\u3054\u4e86\u627f\u304f\u3060\u3055\u3044\u3002<\/p>\n      <\/details>\n\n      <details style=\"background: #fff; padding: 15px 20px; border-radius: 8px; margin-bottom: 15px; box-shadow: 0 4px 10px rgba(0,0,0,0.05); border: 1px solid #eaeaea;\">\n        <summary style=\"font-weight: 600; font-size: 1.15rem; cursor: pointer; color: var(--tmrn-dark); outline: none;\">\u5929\u5019\u3067\u30ad\u30e3\u30f3\u30bb\u30eb\u306b\u306a\u3063\u305f\u5834\u5408\u306f\u3069\u3046\u306a\u308a\u307e\u3059\u304b\uff1f<\/summary>\n        <p style=\"margin-top: 15px; color: var(--tmrn-text);\">\u6c11\u9593\u822a\u7a7a\u5c40\u304c\u5f37\u98a8\u3084\u96e8\u306b\u3088\u308a\u30d5\u30e9\u30a4\u30c8\u3092\u4e2d\u6b62\u3057\u305f\u5834\u5408\u3001\u4ee3\u91d1\u306f100%\u5168\u984d\u8fd4\u91d1\u3055\u308c\u307e\u3059\u3002\u30ab\u30c3\u30d1\u30c9\u30ad\u30a2\u306b\u6570\u65e5\u9593\u6ede\u5728\u3055\u308c\u308b\u5834\u5408\u306f\u3001\u7fcc\u671d\u4ee5\u964d\u3078\u306e\u30b9\u30b1\u30b8\u30e5\u30fc\u30eb\u5909\u66f4\u3092\u6700\u512a\u5148\u3067\u624b\u914d\u3044\u305f\u3057\u307e\u3059\u3002<\/p>\n      <\/details>\n    <\/div>\n  <\/section>\n\n<\/article>\t\t\t\t<\/div>\n\t\t\t\t\t<\/div>\n\t\t\t\t<\/div>\n\t\t<div class=\"elementor-element elementor-element-a0d7cc2 e-flex e-con-boxed e-con e-parent\" data-id=\"a0d7cc2\" data-element_type=\"container\" data-e-type=\"container\">\n\t\t\t\t\t<div class=\"e-con-inner\">\n\t\t\t\t<div class=\"elementor-element elementor-element-33c4d29 elementor-widget elementor-widget-html\" data-id=\"33c4d29\" data-element_type=\"widget\" data-e-type=\"widget\" data-widget_type=\"html.default\">\n\t\t\t\t\t<script type=\"application\/ld+json\">\n{\n  \"@context\": \"https:\/\/schema.org\",\n  \"@graph\": [\n    {\n      \"@type\": \"Article\",\n      \"headline\": \"\u30ab\u30c3\u30d1\u30c9\u30ad\u30a2\u71b1\u6c17\u7403\u4f53\u9a13\uff1a\u5b8c\u5168\u30ac\u30a4\u30c9 (2026\u5e74\u7248)\",\n      \"description\": \"\u30ab\u30c3\u30d1\u30c9\u30ad\u30a2\u306e\u71b1\u6c17\u7403\u4e88\u7d04\u3001\u5b89\u5168\u57fa\u6e96\u3001\u30d7\u30ec\u30df\u30a2\u30e0\u30d5\u30e9\u30a4\u30c8\u306e\u9078\u3073\u65b9\u306b\u95a2\u3059\u308b\u5305\u62ec\u7684\u306a\u30ac\u30a4\u30c9\u3002\u4e00\u751f\u306b\u4e00\u5ea6\u306e\u7a7a\u306e\u65c5\u3092\u6700\u9ad8\u306e\u3082\u306e\u306b\u3002\",\n      \"image\": \"https:\/\/temrentravel.com\/wp-content\/uploads\/2026\/02\/hero-alani-scaled.jpg\",\n      \"author\": {\n        \"@type\": \"Organization\",\n        \"name\": \"Temren Travel\",\n        \"url\": \"https:\/\/temrentravel.com\/ja\/\"\n      },\n      \"publisher\": {\n        \"@type\": \"Organization\",\n        \"name\": \"Temren Travel\",\n        \"logo\": {\n          \"@type\": \"ImageObject\",\n          \"url\": \"https:\/\/temrentravel.com\/wp-content\/uploads\/logo.png\"\n        }\n      },\n      \"mainEntityOfPage\": {\n        \"@type\": \"WebPage\",\n        \"@id\": \"https:\/\/temrentravel.com\/ja\/kappadokia-kikyu-gaido\/\"\n      }\n    },\n    {\n      \"@type\": \"FAQPage\",\n      \"mainEntity\": [\n        {\n          \"@type\": \"Question\",\n          \"name\": \"\u6c17\u7403\u306b\u4e57\u308b\u969b\u306f\u3069\u306e\u3088\u3046\u306a\u670d\u88c5\u304c\u826f\u3044\u3067\u3059\u304b\uff1f\",\n          \"acceptedAnswer\": {\n            \"@type\": \"Answer\",\n            \"text\": \"\u91cd\u306d\u7740\u3092\u304a\u52e7\u3081\u3057\u307e\u3059\u3002\u771f\u590f\u3067\u3082\u3001\u30ab\u30c3\u30d1\u30c9\u30ad\u30a2\u306e\u591c\u660e\u3051\u524d\u306e\u7a7a\u6c17\u306f\u975e\u5e38\u306b\u51b7\u3048\u8fbc\u307f\u307e\u3059\u3002\u65e5\u304c\u6607\u308a\u30d0\u30fc\u30ca\u30fc\u304c\u71b1\u3092\u9001\u308a\u59cb\u3081\u308b\u3068\u6025\u901f\u306b\u6696\u304b\u304f\u306a\u308a\u307e\u3059\u3002\u5b89\u5168\u306a\u7740\u9678\u306e\u305f\u3081\u306b\u3001\u5e73\u3089\u3067\u3064\u307e\u5148\u306e\u96a0\u308c\u308b\u9774\uff08\u30b9\u30cb\u30fc\u30ab\u30fc\u7b49\uff09\u304c\u5fc5\u9808\u3067\u3059\u3002\"\n          }\n        },\n        {\n          \"@type\": \"Question\",\n          \"name\": \"\u5b50\u4f9b\u3082\u53c2\u52a0\u3067\u304d\u307e\u3059\u304b\uff1f\",\n          \"acceptedAnswer\": {\n            \"@type\": \"Answer\",\n            \"text\": \"\u306f\u3044\u30016\u6b73\u4ee5\u4e0a\u306e\u304a\u5b50\u69d8\u304b\u3089\u3054\u642d\u4e57\u3044\u305f\u3060\u3051\u307e\u3059\u3002\u5b89\u5168\u9762\u304a\u3088\u3073\u4fdd\u967a\u306e\u898f\u5b9a\u306b\u3088\u308a\u30016\u6b73\u672a\u6e80\u306e\u304a\u5b50\u69d8\u3001\u304a\u3088\u3073\u598a\u5a20\u4e2d\u306e\u65b9\u306f\u3054\u53c2\u52a0\u3044\u305f\u3060\u3051\u307e\u305b\u3093\u306e\u3067\u3054\u4e86\u627f\u304f\u3060\u3055\u3044\u3002\"\n          }\n        },\n        {\n          \"@type\": \"Question\",\n          \"name\": \"\u5929\u5019\u3067\u30ad\u30e3\u30f3\u30bb\u30eb\u306b\u306a\u3063\u305f\u5834\u5408\u306f\u3069\u3046\u306a\u308a\u307e\u3059\u304b\uff1f\",\n          \"acceptedAnswer\": {\n            \"@type\": \"Answer\",\n            \"text\": \"\u6c11\u9593\u822a\u7a7a\u5c40\u304c\u5f37\u98a8\u3084\u96e8\u306b\u3088\u308a\u30d5\u30e9\u30a4\u30c8\u3092\u4e2d\u6b62\u3057\u305f\u5834\u5408\u3001\u4ee3\u91d1\u306f100%\u5168\u984d\u8fd4\u91d1\u3055\u308c\u307e\u3059\u3002\u30ab\u30c3\u30d1\u30c9\u30ad\u30a2\u306b\u6570\u65e5\u9593\u6ede\u5728\u3055\u308c\u308b\u5834\u5408\u306f\u3001\u7fcc\u671d\u4ee5\u964d\u3078\u306e\u30b9\u30b1\u30b8\u30e5\u30fc\u30eb\u5909\u66f4\u3092\u6700\u512a\u5148\u3067\u624b\u914d\u3044\u305f\u3057\u307e\u3059\u3002\"\n          }\n        }\n      ]\n    }\n  ]\n}\n<\/script>\t\t\t\t<\/div>\n\t\t\t\t\t<\/div>\n\t\t\t\t<\/div>\n\t\t<div class=\"elementor-element elementor-element-3294363 e-flex e-con-boxed e-con e-parent\" data-id=\"3294363\" data-element_type=\"container\" data-e-type=\"container\">\n\t\t\t\t\t<div class=\"e-con-inner\">\n\t\t\t\t<div class=\"elementor-element elementor-element-9d71680 elementor-widget elementor-widget-html\" data-id=\"9d71680\" data-element_type=\"widget\" data-e-type=\"widget\" data-widget_type=\"html.default\">\n\t\t\t\t\t<script>document.addEventListener(\"DOMContentLoaded\", function() {\n  const elements = document.querySelectorAll('.fade-up');\n  \n  const observer = new IntersectionObserver((entries) => {\n    entries.forEach(entry => {\n      if (entry.isIntersecting) {\n        entry.target.classList.add('in-view');\n        observer.unobserve(entry.target); \/\/ Sadece 1 kere \u00e7al\u0131\u015fs\u0131n (performans i\u00e7in)\n      }\n    });\n  }, { threshold: 0.15 }); \/\/ \u00d6\u011fe %15 g\u00f6r\u00fcnd\u00fc\u011f\u00fcnde tetikle\n\n  elements.forEach(el => observer.observe(el));\n});\n<\/script>\t\t\t\t<\/div>\n\t\t\t\t\t<\/div>\n\t\t\t\t<\/div>\n\t\t\t\t<\/div>\n\t\t","protected":false},"excerpt":{"rendered":"<p>\u30ab\u30c3\u30d1\u30c9\u30ad\u30a2\u71b1\u6c17\u7403\u4f53\u9a13\uff1a\u5b8c\u5168\u30ac\u30a4\u30c9 (2026\u5e74\u7248) \u5996\u7cbe\u306e [&hellip;]<\/p>\n","protected":false},"author":1,"featured_media":0,"parent":0,"menu_order":0,"comment_status":"closed","ping_status":"closed","template":"elementor_header_footer","meta":{"footnotes":""},"class_list":["post-2551","page","type-page","status-publish","hentry"],"_links":{"self":[{"href":"https:\/\/temrentravel.com\/ja\/wp-json\/wp\/v2\/pages\/2551","targetHints":{"allow":["GET"]}}],"collection":[{"href":"https:\/\/temrentravel.com\/ja\/wp-json\/wp\/v2\/pages"}],"about":[{"href":"https:\/\/temrentravel.com\/ja\/wp-json\/wp\/v2\/types\/page"}],"author":[{"embeddable":true,"href":"https:\/\/temrentravel.com\/ja\/wp-json\/wp\/v2\/users\/1"}],"replies":[{"embeddable":true,"href":"https:\/\/temrentravel.com\/ja\/wp-json\/wp\/v2\/comments?post=2551"}],"version-history":[{"count":2,"href":"https:\/\/temrentravel.com\/ja\/wp-json\/wp\/v2\/pages\/2551\/revisions"}],"predecessor-version":[{"id":3451,"href":"https:\/\/temrentravel.com\/ja\/wp-json\/wp\/v2\/pages\/2551\/revisions\/3451"}],"wp:attachment":[{"href":"https:\/\/temrentravel.com\/ja\/wp-json\/wp\/v2\/media?parent=2551"}],"curies":[{"name":"wp","href":"https:\/\/api.w.org\/{rel}","templated":true}]}}